{"id":451,"date":"2021-09-29T14:54:11","date_gmt":"2021-09-29T14:54:11","guid":{"rendered":"http:\/\/metropolitanhost.com\/themes\/themeforest\/wp\/sacreva\/?page_id=451"},"modified":"2025-06-13T02:30:17","modified_gmt":"2025-06-13T00:30:17","slug":"contact","status":"publish","type":"page","link":"https:\/\/ceaf.egovspace.com\/index.php\/contact\/","title":{"rendered":"Contact"},"content":{"rendered":"<div class=\"wpb-content-wrapper\"><p>[vc_row full_width=&#8221;stretch_row_content_no_spaces&#8221;][vc_column][vc_gmaps link=&#8221;#E-8_JTNDaWZyYW1lJTIwc3JjJTNEJTIyaHR0cHMlM0ElMkYlMkZ3d3cuZ29vZ2xlLmNvbSUyRm1hcHMlMkZlbWJlZCUzRnBiJTNEJTIxMW0xOCUyMTFtMTIlMjExbTMlMjExZDUyNDcuNjk4ODI3MzU4MDgzJTIxMmQyLjMyNTk2ODA3NjAwMTYyNjQlMjEzZDQ4Ljg4MDE0NTY5OTE3NTg4JTIxMm0zJTIxMWYwJTIxMmYwJTIxM2YwJTIxM20yJTIxMWkxMDI0JTIxMmk3NjglMjE0ZjEzLjElMjEzbTMlMjExbTIlMjExczB4NDdlNjZlNGJjM2Y5ZGU3ZiUyNTNBMHgyMzlkMTBiYjNiNTBjYWVjJTIxMnM0NyUyNTIwUnVlJTI1MjBkZSUyNTIwQ2xpY2h5JTI1MkMlMjUyMDc1MDA5JTI1MjBQYXJpcyUyNTJDJTI1MjBGcmFuY2UlMjE1ZTAlMjEzbTIlMjExc2ZyJTIxMnNzbiUyMTR2MTc0OTY5MjA1Njg2OSUyMTVtMiUyMTFzZnIlMjEyc3NuJTIyJTIwd2lkdGglM0QlMjI2MDAlMjIlMjBoZWlnaHQlM0QlMjI0NTAlMjIlMjBzdHlsZSUzRCUyMmJvcmRlciUzQTAlM0IlMjIlMjBhbGxvd2Z1bGxzY3JlZW4lM0QlMjIlMjIlMjBsb2FkaW5nJTNEJTIybGF6eSUyMiUyMHJlZmVycmVycG9saWN5JTNEJTIybm8tcmVmZXJyZXItd2hlbi1kb3duZ3JhZGUlMjIlM0UlM0MlMkZpZnJhbWUlM0U=&#8221; size=&#8221;600px&#8221; css=&#8221;&#8221;][\/vc_column][\/vc_row][vc_row css=&#8221;.vc_custom_1604347193305{margin-top: -200px !important;padding-bottom: 110px !important;}&#8221; row_css_sm=&#8221;.vc_custom_1604347193308{margin-top: 40px !important;padding-bottom: 70px !important;}&#8221;][vc_column]\n<div class=\"wpcf7 no-js\" id=\"wpcf7-f454-o1\" lang=\"en-US\" dir=\"ltr\" data-wpcf7-id=\"454\">\n<div class=\"screen-reader-response\"><p role=\"status\" aria-live=\"polite\" aria-atomic=\"true\"><\/p> <ul><\/ul><\/div>\n<form action=\"\/index.php\/wp-json\/wp\/v2\/pages\/451#wpcf7-f454-o1\" method=\"post\" class=\"wpcf7-form init\" aria-label=\"Contact form\" novalidate=\"novalidate\" data-status=\"init\">\n<fieldset class=\"hidden-fields-container\"><input type=\"hidden\" name=\"_wpcf7\" value=\"454\" \/><input type=\"hidden\" name=\"_wpcf7_version\" value=\"6.1.2\" \/><input type=\"hidden\" name=\"_wpcf7_locale\" value=\"en_US\" \/><input type=\"hidden\" name=\"_wpcf7_unit_tag\" value=\"wpcf7-f454-o1\" \/><input type=\"hidden\" name=\"_wpcf7_container_post\" value=\"0\" \/><input type=\"hidden\" name=\"_wpcf7_posted_data_hash\" value=\"\" \/>\n<\/fieldset>\n<div class=\"contact-us-form\">\n\t<div class=\"row\">\n\t\t<div class=\"col-lg-4\">\n\t\t\t<div class=\"form-group\">\n\t\t\t\t<p><i class=\"far fa-user\"><\/i><span class=\"wpcf7-form-control-wrap\" data-name=\"your-name\"><input size=\"40\" maxlength=\"400\" class=\"wpcf7-form-control wpcf7-text wpcf7-validates-as-required form-control\" aria-required=\"true\" aria-invalid=\"false\" placeholder=\"Nom\" value=\"\" type=\"text\" name=\"your-name\" \/><\/span>\n\t\t\t\t<\/p>\n\t\t\t<\/div>\n\t\t<\/div>\n\t\t<div class=\"col-lg-4\">\n\t\t\t<div class=\"form-group\">\n\t\t\t\t<p><i class=\"far fa-envelope\"><\/i><span class=\"wpcf7-form-control-wrap\" data-name=\"your-email\"><input size=\"40\" maxlength=\"400\" class=\"wpcf7-form-control wpcf7-email wpcf7-validates-as-required wpcf7-text wpcf7-validates-as-email form-control\" aria-required=\"true\" aria-invalid=\"false\" placeholder=\"Adresse Mail\" value=\"\" type=\"email\" name=\"your-email\" \/><\/span>\n\t\t\t\t<\/p>\n\t\t\t<\/div>\n\t\t<\/div>\n\t\t<div class=\"col-lg-4\">\n\t\t\t<div class=\"form-group\">\n\t\t\t\t<p><i class=\"far fa-pencil\"><\/i><span class=\"wpcf7-form-control-wrap\" data-name=\"subject\"><input size=\"40\" maxlength=\"400\" class=\"wpcf7-form-control wpcf7-text wpcf7-validates-as-required form-control\" aria-required=\"true\" aria-invalid=\"false\" placeholder=\"Sujet\" value=\"\" type=\"text\" name=\"subject\" \/><\/span>\n\t\t\t\t<\/p>\n\t\t\t<\/div>\n\t\t<\/div>\n\t<\/div>\n\t<div class=\"form-group\">\n\t\t<p><span class=\"wpcf7-form-control-wrap\" data-name=\"message\"><textarea cols=\"40\" rows=\"10\" maxlength=\"2000\" class=\"wpcf7-form-control wpcf7-textarea wpcf7-validates-as-required form-control\" aria-required=\"true\" aria-invalid=\"false\" placeholder=\"Message\" name=\"message\"><\/textarea><\/span>\n\t\t<\/p>\n\t<\/div>\n\t<div class=\"text-center sigma_btn-custom\">\n\t\t<p><input class=\"wpcf7-form-control wpcf7-submit has-spinner\" type=\"submit\" value=\"ENVOYER\" \/>\n\t\t<\/p>\n\t<\/div>\n<\/div><div class=\"wpcf7-response-output\" aria-hidden=\"true\"><\/div>\n<\/form>\n<\/div>\n[\/vc_column][\/vc_row][vc_row css=&#8221;.vc_custom_1749773779168{padding-bottom: 60px !important;}&#8221; row_css_sm=&#8221;.vc_custom_1749773779168{margin-top: 40px !important;padding-bottom: 70px !important;}&#8221;][vc_column]\r\n\t\t<div  class=\"sigma_custom_heading_wrapper sigma-custom-heading-438364863 sigma-shortcode-wrapper custom-heading-style-1 subtitle-text-uppercase title-text- text-center\">\r\r\n\t\t\t\r\r\n<div class=\"section-title sigma-custom-heading-wrapper\">\r\r\r\n\t\r\r\n\t\t<div class=\"sigma-heading-title-wrapper\">\r\r\r\n\t\t\t<h4 class=\"heading-title\">\r\r\r\n\t\t\t\tNOS PERMANENCES\r\r\n\t\t\t<\/h4>\r\r\r\n\t\t<\/div>\r\r\r\n\t\t\r\r\n<\/div>\r\n\r\n\t\t<\/div>\r\r\n\t\t[vc_column_text css=&#8221;&#8221;]<\/p>\n<h6 style=\"text-align: center;\">Nous serons ravis de vous accueillir dans notre bureau\u00a0tous les lundis de 11h \u00e0 16h et les jeudis sur rendez-vous.<\/h6>\n<p>[\/vc_column_text][\/vc_column][\/vc_row][vc_row css=&#8221;.vc_custom_1604347107913{padding-bottom: 80px !important;}&#8221; row_css_sm=&#8221;.vc_custom_1604347107916{padding-bottom: 40px !important;}&#8221;][vc_column offset=&#8221;vc_col-lg-4 vc_col-md-4&#8243;]\t\t<div  class=\"sigma_infobox_wrapper sigma-infobox-646449970 sigma-shortcode-wrapper icon-type-font infobox-style-5 infobox-left infobox-light\">\r\n\t\t\t<div class=\"sigma_icon-block text-center light icon-block-7\">\r\n                                    <i class=\"flaticon-email\"><\/i>\r\n                                <div class=\"sigma_icon-block-content\">\r\n                            <span>ENVOYER UN EMAIL <i class=\"far fa-arrow-right\"><\/i> <\/span>\r\n                            <h5> Adresse Mail<\/h5>\r\n                              <p>contact@ceaf.fr<br \/>\nceafparis@gmail.com<\/p>\r\n                          <\/div>\r\n                                <div class=\"icon-wrapper\"><i class=\"flaticon-email\"><\/i><\/div>\r\n                              <\/div>\r\n\t\t<\/div>\r\n\t\t[\/vc_column][vc_column offset=&#8221;vc_col-lg-4 vc_col-md-4&#8243;]\t\t<div  class=\"sigma_infobox_wrapper sigma-infobox-89661777 sigma-shortcode-wrapper icon-type-font infobox-style-5 infobox-left infobox-light\">\r\n\t\t\t<div class=\"sigma_icon-block text-center light icon-block-7\">\r\n                                    <i class=\"flaticon-telephone\"><\/i>\r\n                                <div class=\"sigma_icon-block-content\">\r\n                            <span>APPELEZ-NOUS <i class=\"far fa-arrow-right\"><\/i> <\/span>\r\n                            <h5> Num\u00e9ro de T\u00e9l\u00e9phone<\/h5>\r\n                              <p>(+33) 09 80 65 37 70<\/p>\r\n                          <\/div>\r\n                                <div class=\"icon-wrapper\"><i class=\"flaticon-telephone\"><\/i><\/div>\r\n                              <\/div>\r\n\t\t<\/div>\r\n\t\t[\/vc_column][vc_column offset=&#8221;vc_col-lg-4 vc_col-md-4&#8243;]\t\t<div  class=\"sigma_infobox_wrapper sigma-infobox-176070542 sigma-shortcode-wrapper icon-type-font infobox-style-5 infobox-left infobox-light\">\r\n\t\t\t<div class=\"sigma_icon-block text-center light icon-block-7\">\r\n                                    <i class=\"flaticon-paper-plane\"><\/i>\r\n                                <div class=\"sigma_icon-block-content\">\r\n                            <span>TROUVEZ NOUS <i class=\"far fa-arrow-right\"><\/i> <\/span>\r\n                            <h5> Adresse<\/h5>\r\n                              <p>47 rue de Clichy, 75009 PARIS, FRANCE<\/p>\r\n                          <\/div>\r\n                                <div class=\"icon-wrapper\"><i class=\"flaticon-paper-plane\"><\/i><\/div>\r\n                              <\/div>\r\n\t\t<\/div>\r\n\t\t[\/vc_column][\/vc_row][vc_row][vc_column][vc_column_text css=&#8221;&#8221;]<\/p>\n<p style=\"text-align: center;\"><strong>Ps : Le bureau sera ferm\u00e9 aux mois de juillet et ao\u00fbt et pour les f\u00eates de fin d\u2019ann\u00e9e.<\/strong><\/p>\n<p>[\/vc_column_text][\/vc_column][\/vc_row]<\/p>\n<\/div>","protected":false},"excerpt":{"rendered":"<p>[vc_row full_width=&#8221;stretch_row_content_no_spaces&#8221;][vc_column][vc_gmaps link=&#8221;#E-8_JTNDaWZyYW1lJTIwc3JjJTNEJTIyaHR0cHMlM0ElMkYlMkZ3d3cuZ29vZ2xlLmNvbSUyRm1hcHMlMkZlbWJlZCUzRnBiJTNEJTIxMW0xOCUyMTFtMTIlMjExbTMlMjExZDUyNDcuNjk4ODI3MzU4MDgzJTIxMmQyLjMyNTk2ODA3NjAwMTYyNjQlMjEzZDQ4Ljg4MDE0NTY5OTE3NTg4JTIxMm0zJTIxMWYwJTIxMmYwJTIxM2YwJTIxM20yJTIxMWkxMDI0JTIxMmk3NjglMjE0ZjEzLjElMjEzbTMlMjExbTIlMjExczB4NDdlNjZlNGJjM2Y5ZGU3ZiUyNTNBMHgyMzlkMTBiYjNiNTBjYWVjJTIxMnM0NyUyNTIwUnVlJTI1MjBkZSUyNTIwQ2xpY2h5JTI1MkMlMjUyMDc1MDA5JTI1MjBQYXJpcyUyNTJDJTI1MjBGcmFuY2UlMjE1ZTAlMjEzbTIlMjExc2ZyJTIxMnNzbiUyMTR2MTc0OTY5MjA1Njg2OSUyMTVtMiUyMTFzZnIlMjEyc3NuJTIyJTIwd2lkdGglM0QlMjI2MDAlMjIlMjBoZWlnaHQlM0QlMjI0NTAlMjIlMjBzdHlsZSUzRCUyMmJvcmRlciUzQTAlM0IlMjIlMjBhbGxvd2Z1bGxzY3JlZW4lM0QlMjIlMjIlMjBsb2FkaW5nJTNEJTIybGF6eSUyMiUyMHJlZmVycmVycG9saWN5JTNEJTIybm8tcmVmZXJyZXItd2hlbi1kb3duZ3JhZGUlMjIlM0UlM0MlMkZpZnJhbWUlM0U=&#8221; size=&#8221;600px&#8221; css=&#8221;&#8221;][\/vc_column][\/vc_row][vc_row css=&#8221;.vc_custom_1604347193305{margin-top: -200px !important;padding-bottom: 110px !important;}&#8221; row_css_sm=&#8221;.vc_custom_1604347193308{margin-top: 40px !important;padding-bottom: 70px !important;}&#8221;][vc_column][\/vc_column][\/vc_row][vc_row css=&#8221;.vc_custom_1749773779168{padding-bottom: 60px !important;}&#8221; row_css_sm=&#8221;.vc_custom_1749773779168{margin-top: 40px !important;padding-bottom: 70px !important;}&#8221;][vc_column][vc_column_text css=&#8221;&#8221;] Nous serons ravis de vous accueillir dans notre bureau\u00a0tous les lundis de 11h \u00e0 16h et les jeudis sur rendez-vous. [\/vc_column_text][\/vc_column][\/vc_row][vc_row css=&#8221;.vc_custom_1604347107913{padding-bottom: 80px !important;}&#8221; row_css_sm=&#8221;.vc_custom_1604347107916{padding-bottom: 40px !important;}&#8221;][vc_column offset=&#8221;vc_col-lg-4 vc_col-md-4&#8243;][\/vc_column][vc_column offset=&#8221;vc_col-lg-4 vc_col-md-4&#8243;][\/vc_column][vc_column [&hellip;]<\/p>\n","protected":false},"author":1,"featured_media":0,"parent":0,"menu_order":0,"comment_status":"closed","ping_status":"closed","template":"","meta":{"give_campaign_id":0,"_monsterinsights_skip_tracking":false,"_monsterinsights_sitenote_active":false,"_monsterinsights_sitenote_note":"","_monsterinsights_sitenote_category":0,"footnotes":""},"class_list":["post-451","page","type-page","status-publish","hentry"],"aioseo_notices":[],"campaignId":"","_links":{"self":[{"href":"https:\/\/ceaf.egovspace.com\/index.php\/wp-json\/wp\/v2\/pages\/451","targetHints":{"allow":["GET"]}}],"collection":[{"href":"https:\/\/ceaf.egovspace.com\/index.php\/wp-json\/wp\/v2\/pages"}],"about":[{"href":"https:\/\/ceaf.egovspace.com\/index.php\/wp-json\/wp\/v2\/types\/page"}],"author":[{"embeddable":true,"href":"https:\/\/ceaf.egovspace.com\/index.php\/wp-json\/wp\/v2\/users\/1"}],"replies":[{"embeddable":true,"href":"https:\/\/ceaf.egovspace.com\/index.php\/wp-json\/wp\/v2\/comments?post=451"}],"version-history":[{"count":4,"href":"https:\/\/ceaf.egovspace.com\/index.php\/wp-json\/wp\/v2\/pages\/451\/revisions"}],"predecessor-version":[{"id":3644,"href":"https:\/\/ceaf.egovspace.com\/index.php\/wp-json\/wp\/v2\/pages\/451\/revisions\/3644"}],"wp:attachment":[{"href":"https:\/\/ceaf.egovspace.com\/index.php\/wp-json\/wp\/v2\/media?parent=451"}],"curies":[{"name":"wp","href":"https:\/\/api.w.org\/{rel}","templated":true}]}}