{"id":441,"date":"2021-09-29T14:38:08","date_gmt":"2021-09-29T14:38:08","guid":{"rendered":"http:\/\/metropolitanhost.com\/themes\/themeforest\/wp\/sacreva\/?page_id=441"},"modified":"2025-06-13T04:09:29","modified_gmt":"2025-06-13T02:09:29","slug":"broadcast","status":"publish","type":"page","link":"https:\/\/ceaf.egovspace.com\/index.php\/broadcast\/","title":{"rendered":"Vid\u00e9os"},"content":{"rendered":"<div class=\"wpb-content-wrapper\"><p>[vc_row css=&#8221;.vc_custom_1632926513270{padding-top: 110px !important;padding-bottom: 110px !important;}&#8221; row_css_sm=&#8221;.vc_custom_1632926513271{padding-top: 80px !important;padding-bottom: 80px !important;}&#8221;][vc_column]\r\n\t\t<div  class=\"sigma_custom_heading_wrapper sigma-custom-heading-1014018963 sigma-shortcode-wrapper custom-heading-style-2 subtitle-text-uppercase title-text- text-center\">\r\r\n\t\t\t<div class=\"section-title sigma-custom-heading-wrapper\">\r\n\t\t\t\t<h4 class=\"heading-title\">\r\n\t\t\t\tPodcasts et Vid\u00e9os\t\t\t<\/h4>\r\n\t\t<\/div>\r\n\r\n\t\t<\/div>\r\r\n\t\t\t\t<div  class=\"sigma_youtube_broadcast_wrapper sigma-youtube-broadcast-1348253048 sigma-shortcode-wrapper sigma_youtube-broadcast youtube-broadcast-style-1  vc_custom_1749779375216\">\n\t\t\t    <div class=\"row no-gutters\">\n      <div class=\"col-lg-6\">\n\t\t\t\t\t\t\t\t<div class=\"sigma_video-popup-wrap sigma_youtube-livestream\">\n          <div class=\"sigma_youtube-livestream-content-wrapper\">\n                          <img decoding=\"async\" src=\"https:\/\/ceaf.egovspace.com\/wp-content\/uploads\/2025\/06\/hqdefault.jpg\" alt=\"video\">\n            \t            <a href=\"https:\/\/www.youtube.com\/watch?v=Vco5A95bI8Y\" class=\"sigma_video-popup youtube-popup-trigger\">\n\t              <i class=\"fas fa-play\"><\/i>\n\t            <\/a>\n          <\/div>\n        <\/div>\n\t\t\t      <\/div>\n\t\t\t\t      <div class=\"col-lg-6\">\n\t        <div class=\"sigma_box m-0 h-100 d-flex align-items-center\">\n\t          <div>\n\t            \t              <p class=\"custom-primary mb-0 fw-600 fs-16\">28 juin 2023<\/p>\n\t            \t              <h4 class=\"title\">Inauguration de la CITE\u0301 ROYALE<\/h4>\n\t            \t              <p class=\"m-0\">L\u2019\u00e9glise Impact Centre Chr\u00e9tien, membre de la Communaut\u00e9 des \u00c9glises d\u2019Expressions Africaines Francophones, \u00e0 inaugurer en date du 28 juin 2023, ses nouveaux locaux nomm\u00e9s \u201cLa cit\u00e9 royale\u201d.&lt;\/p&gt;\n&lt;p&gt;Un \u00e9v\u00e8nement qui a accueilli les principaux membres du paysage \u00e9vang\u00e9lique protestant dont le pr\u00e9sident de la FPF, le pasteur Christian Krieger ainsi que la pr\u00e9sidente de la CEAF, le pasteur Victoria Kamondji et le pr\u00e9sident honorifique de la CEAF, le pasteur Bulangalire Majagira.<\/p>\n\t            \t          <\/div>\n\t        <\/div>\n\t      <\/div>\n\t\t\t    <\/div>\n\t\t<\/div>\n\t\t[vc_row_inner][vc_column_inner width=&#8221;1\/2&#8243; offset=&#8221;vc_col-lg-3 vc_col-md-3&#8243; inner_column_css_xs=&#8221;.vc_custom_1635428681671{margin-top: 20px !important;}&#8221; css=&#8221;.vc_custom_1635428681670{margin-bottom: 30px !important;}&#8221;]\t\t<div  class=\"sigma_video_wrapper sigma-video-1915978294 sigma-shortcode-wrapper video-style-4\">\r\n\t\t\t<div class=\"sigma_video-popup-wrap\">\r\n\t\t  <img decoding=\"async\" src=\"https:\/\/ceaf.egovspace.com\/wp-content\/uploads\/2025\/06\/maxresdefault.jpg\" alt=\"video\">\r\n\t    <a href=\"https:\/\/www.youtube.com\/watch?v=\/cbhGNwJKtCQ\" class=\"sigma_video-popup popup-sm popup-youtube\">\r\n                <i class=\"fas fa-play\"><\/i>\r\n            <\/a>\r\n  <\/div>\r\n  <h6>Femme de Parole : Victoria Kamondji, Pr\u00e9sidente de la CEAF<\/h6>\r\n\t\t<\/div>\r\n\t\t[\/vc_column_inner][vc_column_inner width=&#8221;1\/2&#8243; offset=&#8221;vc_col-lg-3 vc_col-md-3&#8243; inner_column_css_xs=&#8221;.vc_custom_1635428672968{margin-top: 20px !important;}&#8221; inner_column_css_md=&#8221;.vc_custom_1635428672967{margin-bottom: 30px !important;}&#8221;]\t\t<div  class=\"sigma_video_wrapper sigma-video-1057313260 sigma-shortcode-wrapper video-style-4\">\r\n\t\t\t<div class=\"sigma_video-popup-wrap\">\r\n\t\t  <img decoding=\"async\" src=\"https:\/\/ceaf.egovspace.com\/wp-content\/uploads\/2021\/09\/video-img-3-4.jpg\" alt=\"video\">\r\n\t    <a href=\"https:\/\/www.youtube.com\/watch?v=TKnufs85hXk\" class=\"sigma_video-popup popup-sm popup-youtube\">\r\n                <i class=\"fas fa-play\"><\/i>\r\n            <\/a>\r\n  <\/div>\r\n  <h6>David M. Dahan<\/h6>\r\n\t\t<\/div>\r\n\t\t[\/vc_column_inner][vc_column_inner width=&#8221;1\/2&#8243; offset=&#8221;vc_col-lg-3 vc_col-md-3&#8243; inner_column_css_md=&#8221;.vc_custom_1635428694461{margin-bottom: 30px !important;}&#8221;]\t\t<div  class=\"sigma_video_wrapper sigma-video-1559640731 sigma-shortcode-wrapper video-style-4\">\r\n\t\t\t<div class=\"sigma_video-popup-wrap\">\r\n\t\t  <img decoding=\"async\" src=\"https:\/\/ceaf.egovspace.com\/wp-content\/uploads\/2021\/09\/video-img-4-4.jpg\" alt=\"video\">\r\n\t    <a href=\"https:\/\/www.youtube.com\/watch?v=TKnufs85hXk\" class=\"sigma_video-popup popup-sm popup-youtube\">\r\n                <i class=\"fas fa-play\"><\/i>\r\n            <\/a>\r\n  <\/div>\r\n  <h6>D. Kathy Santos Kito<\/h6>\r\n\t\t<\/div>\r\n\t\t[\/vc_column_inner][vc_column_inner width=&#8221;1\/2&#8243; offset=&#8221;vc_col-lg-3 vc_col-md-3&#8243; inner_column_css_md=&#8221;.vc_custom_1635428708730{margin-bottom: 30px !important;}&#8221;]\t\t<div  class=\"sigma_video_wrapper sigma-video-1626948434 sigma-shortcode-wrapper video-style-4\">\r\n\t\t\t<div class=\"sigma_video-popup-wrap\">\r\n\t\t  <img decoding=\"async\" src=\"https:\/\/ceaf.egovspace.com\/wp-content\/uploads\/2021\/09\/video-img-5-4.jpg\" alt=\"video\">\r\n\t    <a href=\"https:\/\/www.youtube.com\/watch?v=TKnufs85hXk\" class=\"sigma_video-popup popup-sm popup-youtube\">\r\n                <i class=\"fas fa-play\"><\/i>\r\n            <\/a>\r\n  <\/div>\r\n  <h6>Kim I. Bailey<\/h6>\r\n\t\t<\/div>\r\n\t\t[\/vc_column_inner][\/vc_row_inner][\/vc_column][\/vc_row]<\/p>\n<\/div>","protected":false},"excerpt":{"rendered":"<p>[vc_row css=&#8221;.vc_custom_1632926513270{padding-top: 110px !important;padding-bottom: 110px !important;}&#8221; row_css_sm=&#8221;.vc_custom_1632926513271{padding-top: 80px !important;padding-bottom: 80px !important;}&#8221;][vc_column][vc_row_inner][vc_column_inner width=&#8221;1\/2&#8243; offset=&#8221;vc_col-lg-3 vc_col-md-3&#8243; inner_column_css_xs=&#8221;.vc_custom_1635428681671{margin-top: 20px !important;}&#8221; css=&#8221;.vc_custom_1635428681670{margin-bottom: 30px !important;}&#8221;][\/vc_column_inner][vc_column_inner width=&#8221;1\/2&#8243; offset=&#8221;vc_col-lg-3 vc_col-md-3&#8243; inner_column_css_xs=&#8221;.vc_custom_1635428672968{margin-top: 20px !important;}&#8221; inner_column_css_md=&#8221;.vc_custom_1635428672967{margin-bottom: 30px !important;}&#8221;][\/vc_column_inner][vc_column_inner width=&#8221;1\/2&#8243; offset=&#8221;vc_col-lg-3 vc_col-md-3&#8243; inner_column_css_md=&#8221;.vc_custom_1635428694461{margin-bottom: 30px !important;}&#8221;][\/vc_column_inner][vc_column_inner width=&#8221;1\/2&#8243; offset=&#8221;vc_col-lg-3 vc_col-md-3&#8243; inner_column_css_md=&#8221;.vc_custom_1635428708730{margin-bottom: 30px !important;}&#8221;][\/vc_column_inner][\/vc_row_inner][\/vc_column][\/vc_row]<\/p>\n","protected":false},"author":1,"featured_media":0,"parent":0,"menu_order":0,"comment_status":"closed","ping_status":"closed","template":"","meta":{"give_campaign_id":0,"_monsterinsights_skip_tracking":false,"_monsterinsights_sitenote_active":false,"_monsterinsights_sitenote_note":"","_monsterinsights_sitenote_category":0,"footnotes":""},"class_list":["post-441","page","type-page","status-publish","hentry"],"aioseo_notices":[],"campaignId":"","_links":{"self":[{"href":"https:\/\/ceaf.egovspace.com\/index.php\/wp-json\/wp\/v2\/pages\/441","targetHints":{"allow":["GET"]}}],"collection":[{"href":"https:\/\/ceaf.egovspace.com\/index.php\/wp-json\/wp\/v2\/pages"}],"about":[{"href":"https:\/\/ceaf.egovspace.com\/index.php\/wp-json\/wp\/v2\/types\/page"}],"author":[{"embeddable":true,"href":"https:\/\/ceaf.egovspace.com\/index.php\/wp-json\/wp\/v2\/users\/1"}],"replies":[{"embeddable":true,"href":"https:\/\/ceaf.egovspace.com\/index.php\/wp-json\/wp\/v2\/comments?post=441"}],"version-history":[{"count":3,"href":"https:\/\/ceaf.egovspace.com\/index.php\/wp-json\/wp\/v2\/pages\/441\/revisions"}],"predecessor-version":[{"id":3653,"href":"https:\/\/ceaf.egovspace.com\/index.php\/wp-json\/wp\/v2\/pages\/441\/revisions\/3653"}],"wp:attachment":[{"href":"https:\/\/ceaf.egovspace.com\/index.php\/wp-json\/wp\/v2\/media?parent=441"}],"curies":[{"name":"wp","href":"https:\/\/api.w.org\/{rel}","templated":true}]}}