{"id":3499,"date":"2025-06-07T04:00:50","date_gmt":"2025-06-07T02:00:50","guid":{"rendered":"https:\/\/ceaf.egovspace.com\/?page_id=3499"},"modified":"2025-06-10T15:04:59","modified_gmt":"2025-06-10T13:04:59","slug":"evenements","status":"publish","type":"page","link":"https:\/\/ceaf.egovspace.com\/index.php\/evenements\/","title":{"rendered":"Ev\u00e9nements"},"content":{"rendered":"<div class=\"wpb-content-wrapper\"><p>[vc_row css=&#8221;.vc_custom_1749261592127{padding-top: 110px !important;}&#8221;][vc_column]        <div  class=\"sigma_events_wrapper sigma-events-970725354 sigma-shortcode-wrapper events-layout-grid\">\r\n            <div class=\"row\">\r\n            <div class=\"col-xl-6 col-lg-6 col-md-6 col-sm-12\">\r\n            <article id=\"post-3617\" class=\"sigma-events sigma-events-style-1 sigma-events-wrapper post-3617 events type-events status-publish has-post-thumbnail hentry\">\r\n      <div class=\"sigma_post-thumb\">\r\n      <a href=\"https:\/\/ceaf.egovspace.com\/index.php\/events\/atelier-theologie-les-offrandes-et-les-collectes-de-fond-pour-financer-les-projets-de-leglise-pratiques-et-fondements-bibliques\/\">\r\n        <img fetchpriority=\"high\" decoding=\"async\" width=\"800\" height=\"520\" src=\"https:\/\/ceaf.egovspace.com\/wp-content\/uploads\/2025\/06\/AdobeStock_227896323-800x520.jpg\" class=\"attachment-sacreva-blog size-sacreva-blog wp-post-image\" alt=\"\" \/>      <\/a>\r\n          <\/div>\r\n      <div class=\"sigma_post-body\">\r\n      <h5> <a href=\"https:\/\/ceaf.egovspace.com\/index.php\/events\/atelier-theologie-les-offrandes-et-les-collectes-de-fond-pour-financer-les-projets-de-leglise-pratiques-et-fondements-bibliques\/\">ATELIER TH\u00c9OLOGIE : Les offrandes et les collectes de fond pour financer les projets de l\u2019\u00e9glise. Pratiques et Fondements bibliques<\/a> <\/h5>\r\n                <p>[vc_row][vc_column][vc_column_text css=&#8221;&#8221;] Le d\u00e9partement th\u00e9ologie, sous la direction du th\u00e9ologien, le Pasteur Aggrey organise une s\u00e9rie d\u2019ateliers sur le<\/p>\r\n                        <div class=\"sigma_post-meta\">\r\n                            <\/div>\r\n              <div class=\"section-button d-flex align-items-center\">\r\n          <a href=\"https:\/\/ceaf.egovspace.com\/index.php\/events\/atelier-theologie-les-offrandes-et-les-collectes-de-fond-pour-financer-les-projets-de-leglise-pratiques-et-fondements-bibliques\/\" class=\"sigma_btn-custom\">Join Now <i class=\"far fa-arrow-right\"><\/i> <\/a>\r\n        <\/div>\r\n    <\/div>\r\n<\/article>\r\n        <\/div>\r\n                <div class=\"col-xl-6 col-lg-6 col-md-6 col-sm-12\">\r\n            <article id=\"post-3511\" class=\"sigma-events sigma-events-style-1 sigma-events-wrapper post-3511 events type-events status-publish has-post-thumbnail hentry events-category-ceaf\">\r\n      <div class=\"sigma_post-thumb\">\r\n      <a href=\"https:\/\/ceaf.egovspace.com\/index.php\/events\/la-pastorale-i-delivrance-et-legislation-francaise\/\">\r\n        <img decoding=\"async\" width=\"800\" height=\"520\" src=\"https:\/\/ceaf.egovspace.com\/wp-content\/uploads\/2025\/06\/2149215379-800x520.jpg\" class=\"attachment-sacreva-blog size-sacreva-blog wp-post-image\" alt=\"\" \/>      <\/a>\r\n            <div class=\"event-date-wrapper\">\r\n        <span>01<\/span>\r\n        Jan&#039;70      <\/div>\r\n        <\/div>\r\n      <div class=\"sigma_post-body\">\r\n      <h5> <a href=\"https:\/\/ceaf.egovspace.com\/index.php\/events\/la-pastorale-i-delivrance-et-legislation-francaise\/\">La Pastorale I D\u00e9livrance et L\u00e9gislation Fran\u00e7aise<\/a> <\/h5>\r\n                <p>[vc_row][vc_column][\/vc_column][\/vc_row]<\/p>\r\n                        <div class=\"sigma_post-meta\">\r\n                      <span> <i class=\"far fa-clock\"><\/i> Thursday (08:00am-03:00pm)<\/span>\r\n                            <\/div>\r\n              <div class=\"section-button d-flex align-items-center\">\r\n          <a href=\"https:\/\/ceaf.egovspace.com\/index.php\/events\/la-pastorale-i-delivrance-et-legislation-francaise\/\" class=\"sigma_btn-custom\">Join Now <i class=\"far fa-arrow-right\"><\/i> <\/a>\r\n        <\/div>\r\n    <\/div>\r\n<\/article>\r\n        <\/div>\r\n                <div class=\"col-xl-6 col-lg-6 col-md-6 col-sm-12\">\r\n            <article id=\"post-3508\" class=\"sigma-events sigma-events-style-1 sigma-events-wrapper post-3508 events type-events status-publish has-post-thumbnail hentry events-category-ceaf\">\r\n      <div class=\"sigma_post-thumb\">\r\n      <a href=\"https:\/\/ceaf.egovspace.com\/index.php\/events\/assemblee-generale\/\">\r\n        <img decoding=\"async\" width=\"800\" height=\"520\" src=\"https:\/\/ceaf.egovspace.com\/wp-content\/uploads\/2025\/06\/36795-800x520.jpg\" class=\"attachment-sacreva-blog size-sacreva-blog wp-post-image\" alt=\"\" \/>      <\/a>\r\n            <div class=\"event-date-wrapper\">\r\n        <span>01<\/span>\r\n        Jan&#039;70      <\/div>\r\n        <\/div>\r\n      <div class=\"sigma_post-body\">\r\n      <h5> <a href=\"https:\/\/ceaf.egovspace.com\/index.php\/events\/assemblee-generale\/\">Assembl\u00e9e G\u00e9n\u00e9rale<\/a> <\/h5>\r\n                <p>[vc_row][vc_column][vc_column_text css=&#8221;&#8221;] L\u2019assembl\u00e9e g\u00e9n\u00e9rale permet aux membres de prendre des d\u00e9cisions importantes, d\u2019\u00e9lire le conseil d\u2019administration et de discuter<\/p>\r\n                        <div class=\"sigma_post-meta\">\r\n                      <span> <i class=\"far fa-clock\"><\/i> Thursday (08:00am-04:00pm)<\/span>\r\n                            <\/div>\r\n              <div class=\"section-button d-flex align-items-center\">\r\n          <a href=\"https:\/\/ceaf.egovspace.com\/index.php\/events\/assemblee-generale\/\" class=\"sigma_btn-custom\">Join Now <i class=\"far fa-arrow-right\"><\/i> <\/a>\r\n        <\/div>\r\n    <\/div>\r\n<\/article>\r\n        <\/div>\r\n        <\/div>\r\n        <\/div>\r\n        [\/vc_column][\/vc_row]<\/p>\n<\/div>","protected":false},"excerpt":{"rendered":"<p>[vc_row css=&#8221;.vc_custom_1749261592127{padding-top: 110px !important;}&#8221;][vc_column][\/vc_column][\/vc_row]<\/p>\n","protected":false},"author":1,"featured_media":0,"parent":0,"menu_order":0,"comment_status":"closed","ping_status":"closed","template":"","meta":{"give_campaign_id":0,"_monsterinsights_skip_tracking":false,"_monsterinsights_sitenote_active":false,"_monsterinsights_sitenote_note":"","_monsterinsights_sitenote_category":0,"footnotes":""},"class_list":["post-3499","page","type-page","status-publish","hentry"],"aioseo_notices":[],"campaignId":"","_links":{"self":[{"href":"https:\/\/ceaf.egovspace.com\/index.php\/wp-json\/wp\/v2\/pages\/3499","targetHints":{"allow":["GET"]}}],"collection":[{"href":"https:\/\/ceaf.egovspace.com\/index.php\/wp-json\/wp\/v2\/pages"}],"about":[{"href":"https:\/\/ceaf.egovspace.com\/index.php\/wp-json\/wp\/v2\/types\/page"}],"author":[{"embeddable":true,"href":"https:\/\/ceaf.egovspace.com\/index.php\/wp-json\/wp\/v2\/users\/1"}],"replies":[{"embeddable":true,"href":"https:\/\/ceaf.egovspace.com\/index.php\/wp-json\/wp\/v2\/comments?post=3499"}],"version-history":[{"count":5,"href":"https:\/\/ceaf.egovspace.com\/index.php\/wp-json\/wp\/v2\/pages\/3499\/revisions"}],"predecessor-version":[{"id":3513,"href":"https:\/\/ceaf.egovspace.com\/index.php\/wp-json\/wp\/v2\/pages\/3499\/revisions\/3513"}],"wp:attachment":[{"href":"https:\/\/ceaf.egovspace.com\/index.php\/wp-json\/wp\/v2\/media?parent=3499"}],"curies":[{"name":"wp","href":"https:\/\/api.w.org\/{rel}","templated":true}]}}