{"id":312,"date":"2021-09-29T05:33:34","date_gmt":"2021-09-29T05:33:34","guid":{"rendered":"http:\/\/metropolitanhost.com\/themes\/themeforest\/wp\/sacreva\/?page_id=312"},"modified":"2021-09-29T05:33:34","modified_gmt":"2021-09-29T05:33:34","slug":"donation-form","status":"publish","type":"page","link":"https:\/\/ceaf.egovspace.com\/index.php\/donation-form\/","title":{"rendered":"Donation Form"},"content":{"rendered":"<div class=\"wpb-content-wrapper\"><p>[vc_row css=&#8221;.vc_custom_1632893793526{padding-top: 110px !important;padding-bottom: 110px !important;}&#8221;][vc_column]\r\n\t\t<div  class=\"sigma_custom_heading_wrapper sigma-custom-heading-192889313 sigma-shortcode-wrapper custom-heading-style-2 subtitle-text-uppercase title-text- text-center\">\r\r\n\t\t\t<div class=\"section-title sigma-custom-heading-wrapper\">\r\n\t\r\n\t\t\t<p class=\"heading-subtitle\">\r\n\t\t\t\tDONATE TO HELP\t\t\t<\/p>\r\n\t\t\t\t\t<h4 class=\"heading-title\">\r\n\t\t\t\tMake a donation to help us\t\t\t<\/h4>\r\n\t\t<\/div>\r\n\r\n\t\t<\/div>\r\r\n\t\t[vc_column_text css=&#8221;.vc_custom_1632893910656{margin-bottom: 0px !important;}&#8221;]\t<div id=\"give-form-294-wrap\" class=\"give-form-wrap give-display-\">\n\t\t<div class=\"give_error give_warning\" id=\"give_error_test_mode\"><p><strong>Avertissement<\/strong> Le mode de test est activ\u00e9. En mode de test, aucune transaction r\u00e9elle n\u2019est effectu\u00e9e.<\/p><\/div>\t\t\t<form id=\"give-form-294-1\" class=\"give-form give-form-294 give-form-type-set\" action=\"https:\/\/ceaf.egovspace.com\/wp-json\/wp\/v2\/pages\/312\/?payment-mode=manual&form-id=294\" data-id=\"294-1\" data-currency_symbol=\"&#36;\" data-currency_code=\"USD\" data-currency_position=\"before\" data-thousands_separator=\",\" data-decimal_separator=\".\" data-number_decimals=\"2\" method=\"post\">\n\t\t\t\t<!-- The following field is for robots only, invisible to humans: -->\n\t\t\t\t<span class=\"give-hidden\" style=\"display: none !important;\">\n\t\t\t\t\t<label for=\"give-form-honeypot-294\"><\/label>\n\t\t\t\t\t<input id=\"give-form-honeypot-294\" type=\"text\" name=\"give-honeypot\"\n\t\t\t\t\t\t   class=\"give-honeypot give-hidden\"\/>\n\t\t\t\t<\/span>\n\n\t\t\t\t\t<input type=\"hidden\" name=\"give-form-id-prefix\" value=\"294-1\"\/>\n\t<input type=\"hidden\" name=\"give-form-id\" value=\"294\"\/>\n\t<input type=\"hidden\" name=\"give-form-title\" value=\"Donate Ngos\"\/>\n\t<input type=\"hidden\" name=\"give-current-url\" value=\"https:\/\/ceaf.egovspace.com\/wp-json\/wp\/v2\/pages\/312\/\"\/>\n\t<input type=\"hidden\" name=\"give-form-url\" value=\"https:\/\/ceaf.egovspace.com\/wp-json\/wp\/v2\/pages\/312\/\"\/>\n\t<input type=\"hidden\"  name=\"give-form-hash\" value=\"00c5f61bdb\" data-time=\"1777044872\" data-nonce-life=\"86400\" data-donor-session=\"0\"\/><div class=\"sigma_single-donation-content-wrapper\">\t\t<label class=\"give-hidden\" for=\"give-amount\">Montant du don\u00a0:<\/label>\n\t\t<input id=\"give-amount\" class=\"give-amount-hidden\" type=\"hidden\" name=\"give-amount\"\n\t\t\t   value=\"0\" required aria-required=\"true\"\/>\n\t\t<div class=\"set-price give-donation-amount form-row-wide\">\n\t\t\t<span class=\"give-currency-symbol give-currency-position-before\">&#036;<\/span>\t\t\t<span id=\"give-amount-text\" class=\"give-text-input give-amount-top\">0<\/span>\n\t\t\t\t\t<\/div>\n\t\t<button type=\"button\" class=\"give-btn give-btn-\">Donnez maintenant<\/button><\/div>\n\t<fieldset id=\"give-payment-mode-select\">\n\t\t\t\t<legend\n\t\t\tclass=\"give-payment-mode-label\">S\u00e9lectionnez un moyen de paiement\t\t\t<span class=\"give-loading-text\"><span\n\t\t\t\t\tclass=\"give-loading-animation\"><\/span>\n\t\t\t<\/span>\n\t\t<\/legend>\n\n\t\t<div id=\"give-payment-mode-wrap\">\n\t\t\t\t\t\t<ul id=\"give-gateway-radio-list\">\n\t\t\t\t\t\t\t\t\t\t<li class=\"give-gateway-option-selected\">\n\t\t\t\t\t\t\t<input type=\"radio\" name=\"payment-mode\" class=\"give-gateway\"\n\t\t\t\t\t\t\t\t   id=\"give-gateway-manual-294-1\"\n\t\t\t\t\t\t\t\t   value=\"manual\" checked='checked'>\n\t\t\t\t\t\t\t<label for=\"give-gateway-manual-294-1\"\n\t\t\t\t\t\t\t\t   class=\"give-gateway-option\"\n\t\t\t\t\t\t\t\t   id=\"give-gateway-option-manual\"> Don de Test<\/label>\n\t\t\t\t\t\t<\/li>\n\t\t\t\t\t\t\t\t\t\t\t\t<li>\n\t\t\t\t\t\t\t<input type=\"radio\" name=\"payment-mode\" class=\"give-gateway\"\n\t\t\t\t\t\t\t\t   id=\"give-gateway-offline-294-1\"\n\t\t\t\t\t\t\t\t   value=\"offline\">\n\t\t\t\t\t\t\t<label for=\"give-gateway-offline-294-1\"\n\t\t\t\t\t\t\t\t   class=\"give-gateway-option\"\n\t\t\t\t\t\t\t\t   id=\"give-gateway-option-offline\"> Don hors ligne<\/label>\n\t\t\t\t\t\t<\/li>\n\t\t\t\t\t\t\t\t\t<\/ul>\n\t\t\t\t\t<\/div>\n\t\t\t<\/fieldset>\n\n\t\n\t<div id=\"give_purchase_form_wrap\">\n\n\t\t\t<fieldset id=\"give_purchase_submit\" class=\"give-donation-submit\">\n\t\t\t<input type=\"hidden\" name=\"give_action\" value=\"purchase\"\/>\n\t<input type=\"hidden\" name=\"give-gateway\" value=\"manual\"\/>\n\t\t<div class=\"give-submit-button-wrap give-clearfix\">\n\t\t<input type=\"submit\" class=\"give-submit give-btn\" id=\"give-purchase-button\" name=\"give-purchase\"\n\t\t\t   value=\"Donnez maintenant\" data-before-validation-label=\"Donnez maintenant\"\/>\n\t\t<span class=\"give-loading-animation\"><\/span>\n\t<\/div>\n\t\t<\/fieldset>\n\t\n\t<\/div>\n\n\t\t\t\t<\/form>\n\n\t\t\t\n\t<\/div><!--end #give-form-294-->\n\t[\/vc_column_text][\/vc_column][\/vc_row][vc_row full_width=&#8221;stretch_row&#8221; content_placement=&#8221;middle&#8221; css=&#8221;.vc_custom_1632895494588{padding-top: 110px !important;padding-bottom: 50px !important;background-color: #f7f7f7 !important;}&#8221; row_css_sm=&#8221;.vc_custom_1632895494589{margin-bottom: 0px !important;padding-top: 70px !important;}&#8221;][vc_column width=&#8221;5\/12&#8243; offset=&#8221;vc_col-lg-5 vc_col-md-5 vc_col-xs-12&#8243;]\r\n\t\t<div  class=\"sigma_custom_heading_wrapper sigma-custom-heading-1696331071 sigma-shortcode-wrapper custom-heading-style-2 subtitle-text-uppercase title-text- text-left text-right\">\r\r\n\t\t\t<div class=\"section-title sigma-custom-heading-wrapper\">\r\n\t\r\n\t\t\t<h3 class=\"heading-subtitle\">\r\n\t\t\t\tWAYS WE CAN HELP\t\t\t<\/h3>\r\n\t\t\t\t\t<h2 class=\"heading-title\">\r\n\t\t\t\tAngels Ready To Help\t\t\t<\/h2>\r\n\t\t<\/div>\r\n\r\n\t\t<\/div>\r\r\n\t\t[\/vc_column][vc_column width=&#8221;1\/6&#8243; offset=&#8221;vc_col-lg-2 vc_col-md-2 vc_hidden-xs&#8221;][vc_raw_html css=&#8221;.vc_custom_1603434986902{margin-bottom: 0px !important;}&#8221;]JTNDc3BhbiUyMGNsYXNzJTNEJTIydmVydGljYWwtc2VwZXJhdG9yJTIyJTNFJTNDJTJGc3BhbiUzRQ==[\/vc_raw_html][\/vc_column][vc_column width=&#8221;5\/12&#8243; offset=&#8221;vc_col-lg-5 vc_col-md-5 vc_hidden-xs&#8221;][vc_custom_heading text=&#8221;We offer a variety of customizable products and sermon for individuals, families, and businesses&#8221; font_container=&#8221;tag:p|font_size:14|text_align:left|color:%23212121&#8243; google_fonts=&#8221;font_family:Roboto%3A100%2C100italic%2C300%2C300italic%2Cregular%2Citalic%2C500%2C500italic%2C700%2C700italic%2C900%2C900italic|font_style:700%20bold%20regular%3A700%3Anormal&#8221;][\/vc_column][\/vc_row][vc_row full_width=&#8221;stretch_row&#8221; css=&#8221;.vc_custom_1632895501271{padding-bottom: 80px !important;background-color: #f7f7f7 !important;}&#8221; row_css_sm=&#8221;.vc_custom_1632895501272{padding-bottom: 40px !important;}&#8221;][vc_column]\t\t<div  class=\"sigma_service_wrapper sigma-service-1321079862 sigma-shortcode-wrapper service-style-1 service-layout-grid\">\n\t\t\t<div class=\"row\">\r\n\t\t\t<div class=\"col-xl-6 col-lg-6 col-md-6 col-sm-12\">\r\n\t\t\t      <a href=\"https:\/\/ceaf.egovspace.com\/index.php\/service\/la-jeunesse\/\" class=\"sigma_service style-2\">\n                  <div class=\"sigma_service-body\">\n            <h5>La Jeunesse<\/h5>\n                    \t\t<p>Former une g\u00e9n\u00e9ration enracin\u00e9e dans la foi et engag\u00e9e pour l\u2019avenir.<\/p>\n        \t\t          <\/div>\n        <\/a>\n\t\t<\/div>\r\n\t\t\t\t<div class=\"col-xl-6 col-lg-6 col-md-6 col-sm-12\">\r\n\t\t\t      <a href=\"https:\/\/ceaf.egovspace.com\/index.php\/service\/communication-et-medias\/\" class=\"sigma_service style-2\">\n                  <div class=\"sigma_service-body\">\n            <h5>Communication et M\u00e9dias<\/h5>\n                    \t\t<p>Porter le message de l\u2019\u00c9vangile \u00e0 travers les outils modernes.<\/p>\n        \t\t          <\/div>\n        <\/a>\n\t\t<\/div>\r\n\t\t<\/div>\r\n\t\t<\/div>\n\t\t[\/vc_column][\/vc_row]<\/p>\n<\/div>","protected":false},"excerpt":{"rendered":"<p>[vc_row css=&#8221;.vc_custom_1632893793526{padding-top: 110px !important;padding-bottom: 110px !important;}&#8221;][vc_column][vc_column_text css=&#8221;.vc_custom_1632893910656{margin-bottom: 0px !important;}&#8221;][\/vc_column_text][\/vc_column][\/vc_row][vc_row full_width=&#8221;stretch_row&#8221; content_placement=&#8221;middle&#8221; css=&#8221;.vc_custom_1632895494588{padding-top: 110px !important;padding-bottom: 50px !important;background-color: #f7f7f7 !important;}&#8221; row_css_sm=&#8221;.vc_custom_1632895494589{margin-bottom: 0px !important;padding-top: 70px !important;}&#8221;][vc_column width=&#8221;5\/12&#8243; offset=&#8221;vc_col-lg-5 vc_col-md-5 vc_col-xs-12&#8243;][\/vc_column][vc_column width=&#8221;1\/6&#8243; offset=&#8221;vc_col-lg-2 vc_col-md-2 vc_hidden-xs&#8221;][vc_raw_html css=&#8221;.vc_custom_1603434986902{margin-bottom: 0px !important;}&#8221;]JTNDc3BhbiUyMGNsYXNzJTNEJTIydmVydGljYWwtc2VwZXJhdG9yJTIyJTNFJTNDJTJGc3BhbiUzRQ==[\/vc_raw_html][\/vc_column][vc_column width=&#8221;5\/12&#8243; offset=&#8221;vc_col-lg-5 vc_col-md-5 vc_hidden-xs&#8221;][vc_custom_heading text=&#8221;We offer a variety of customizable products and sermon for individuals, families, and businesses&#8221; font_container=&#8221;tag:p|font_size:14|text_align:left|color:%23212121&#8243; google_fonts=&#8221;font_family:Roboto%3A100%2C100italic%2C300%2C300italic%2Cregular%2Citalic%2C500%2C500italic%2C700%2C700italic%2C900%2C900italic|font_style:700%20bold%20regular%3A700%3Anormal&#8221;][\/vc_column][\/vc_row][vc_row full_width=&#8221;stretch_row&#8221; [&hellip;]<\/p>\n","protected":false},"author":1,"featured_media":0,"parent":0,"menu_order":0,"comment_status":"closed","ping_status":"closed","template":"","meta":{"give_campaign_id":0,"_monsterinsights_skip_tracking":false,"_monsterinsights_sitenote_active":false,"_monsterinsights_sitenote_note":"","_monsterinsights_sitenote_category":0,"footnotes":""},"class_list":["post-312","page","type-page","status-publish","hentry"],"aioseo_notices":[],"campaignId":"","_links":{"self":[{"href":"https:\/\/ceaf.egovspace.com\/index.php\/wp-json\/wp\/v2\/pages\/312","targetHints":{"allow":["GET"]}}],"collection":[{"href":"https:\/\/ceaf.egovspace.com\/index.php\/wp-json\/wp\/v2\/pages"}],"about":[{"href":"https:\/\/ceaf.egovspace.com\/index.php\/wp-json\/wp\/v2\/types\/page"}],"author":[{"embeddable":true,"href":"https:\/\/ceaf.egovspace.com\/index.php\/wp-json\/wp\/v2\/users\/1"}],"replies":[{"embeddable":true,"href":"https:\/\/ceaf.egovspace.com\/index.php\/wp-json\/wp\/v2\/comments?post=312"}],"version-history":[{"count":0,"href":"https:\/\/ceaf.egovspace.com\/index.php\/wp-json\/wp\/v2\/pages\/312\/revisions"}],"wp:attachment":[{"href":"https:\/\/ceaf.egovspace.com\/index.php\/wp-json\/wp\/v2\/media?parent=312"}],"curies":[{"name":"wp","href":"https:\/\/api.w.org\/{rel}","templated":true}]}}