{"id":169,"date":"2021-09-28T10:53:50","date_gmt":"2021-09-28T10:53:50","guid":{"rendered":"http:\/\/metropolitanhost.com\/themes\/themeforest\/wp\/sacreva\/?page_id=169"},"modified":"2021-09-28T10:53:50","modified_gmt":"2021-09-28T10:53:50","slug":"services-2","status":"publish","type":"page","link":"https:\/\/ceaf.egovspace.com\/index.php\/services-2\/","title":{"rendered":"Services 2"},"content":{"rendered":"<div class=\"wpb-content-wrapper\"><p>[vc_row css=&#8221;.vc_custom_1632825320815{padding-top: 110px !important;padding-bottom: 80px !important;}&#8221; row_css_sm=&#8221;.vc_custom_1632825320816{padding-top: 70px !important;padding-bottom: 40px !important;}&#8221;][vc_column]\t\t<div  class=\"sigma_service_wrapper sigma-service-1890387844 sigma-shortcode-wrapper service-style-1 service-layout-grid\">\n\t\t\t<div class=\"row\">\r\n\t\t\t<div class=\"col-xl-4 col-lg-6 col-md-6 col-sm-12\">\r\n\t\t\t      <a href=\"https:\/\/ceaf.egovspace.com\/index.php\/service\/la-jeunesse\/\" class=\"sigma_service style-2\">\n                  <div class=\"sigma_service-body\">\n            <h5>La Jeunesse<\/h5>\n                    \t\t<p>Former une g\u00e9n\u00e9ration enracin\u00e9e dans la foi et engag\u00e9e pour l\u2019avenir.<\/p>\n        \t\t          <\/div>\n        <\/a>\n\t\t<\/div>\r\n\t\t\t\t<div class=\"col-xl-4 col-lg-6 col-md-6 col-sm-12\">\r\n\t\t\t      <a href=\"https:\/\/ceaf.egovspace.com\/index.php\/service\/communication-et-medias\/\" class=\"sigma_service style-2\">\n                  <div class=\"sigma_service-body\">\n            <h5>Communication et M\u00e9dias<\/h5>\n                    \t\t<p>Porter le message de l\u2019\u00c9vangile \u00e0 travers les outils modernes.<\/p>\n        \t\t          <\/div>\n        <\/a>\n\t\t<\/div>\r\n\t\t\t\t<div class=\"col-xl-4 col-lg-6 col-md-6 col-sm-12\">\r\n\t\t\t      <a href=\"https:\/\/ceaf.egovspace.com\/index.php\/service\/promotion-de-la-femme\/\" class=\"sigma_service style-2\">\n                  <div class=\"sigma_service-body\">\n            <h5>Promotion de la Femme<\/h5>\n                    \t\t<p>Accompagner les femmes dans leur \u00e9panouissement spirituel et leur r\u00f4le essentiel au sein de la communaut\u00e9.<\/p>\n        \t\t          <\/div>\n        <\/a>\n\t\t<\/div>\r\n\t\t\t\t<div class=\"col-xl-4 col-lg-6 col-md-6 col-sm-12\">\r\n\t\t\t      <a href=\"https:\/\/ceaf.egovspace.com\/index.php\/service\/evaluation-des-projets-et-fondation-individualisee-ceaf\/\" class=\"sigma_service style-2\">\n                  <div class=\"sigma_service-body\">\n            <h5>Evaluation des Projets et Fondation Individualis\u00e9e CEAF<\/h5>\n                    \t\t<p>Suivi personnalis\u00e9 pour garantir la r\u00e9ussite des projets.\r\n\r\n<\/p>\n        \t\t          <\/div>\n        <\/a>\n\t\t<\/div>\r\n\t\t\t\t<div class=\"col-xl-4 col-lg-6 col-md-6 col-sm-12\">\r\n\t\t\t      <a href=\"https:\/\/ceaf.egovspace.com\/index.php\/service\/vie-spirituelle\/\" class=\"sigma_service style-2\">\n                  <div class=\"sigma_service-body\">\n            <h5>Vie Spirituelle<\/h5>\n                    \t\t<p>Favoriser la croissance et l\u2019\u00e9panouissement de la foi au sein des communaut\u00e9s.<\/p>\n        \t\t          <\/div>\n        <\/a>\n\t\t<\/div>\r\n\t\t\t\t<div class=\"col-xl-4 col-lg-6 col-md-6 col-sm-12\">\r\n\t\t\t      <a href=\"https:\/\/ceaf.egovspace.com\/index.php\/service\/culturel-economique-et-social\/\" class=\"sigma_service style-2\">\n                  <div class=\"sigma_service-body\">\n            <h5>Culturel Economique et Social<\/h5>\n                    \t\t<p>Promouvoir le d\u00e9veloppement local par la culture, l\u2019\u00e9conomie et le social.<\/p>\n        \t\t          <\/div>\n        <\/a>\n\t\t<\/div>\r\n\t\t<\/div>\r\n\t\t<\/div>\n\t\t[\/vc_column][\/vc_row][vc_row full_width=&#8221;stretch_row&#8221; css=&#8221;.vc_custom_1635920253492{padding-top: 110px !important;padding-bottom: 80px !important;background: #022147 url(http:\/\/metropolitanhost.com\/themes\/themeforest\/wp\/sacreva\/wp-content\/uploads\/2021\/09\/map-2.png?id=156) !important;background-position: 0 0 !important;background-repeat: repeat !important;}&#8221;][vc_column][vc_row_inner content_placement=&#8221;middle&#8221;][vc_column_inner offset=&#8221;vc_col-lg-1\/5 vc_col-md-1\/5&#8243;][vc_single_image image=&#8221;158&#8243; img_size=&#8221;full&#8221; alignment=&#8221;center&#8221; el_class=&#8221;text-center&#8221; css=&#8221;.vc_custom_1633063653773{margin-bottom: 30px !important;}&#8221;][\/vc_column_inner][vc_column_inner offset=&#8221;vc_col-lg-1\/5 vc_col-md-1\/5&#8243;][vc_single_image image=&#8221;160&#8243; img_size=&#8221;full&#8221; alignment=&#8221;center&#8221; css=&#8221;.vc_custom_1633063697500{margin-bottom: 30px !important;}&#8221;][\/vc_column_inner][vc_column_inner offset=&#8221;vc_col-lg-1\/5 vc_col-md-1\/5&#8243;][vc_single_image image=&#8221;161&#8243; img_size=&#8221;full&#8221; alignment=&#8221;center&#8221; css=&#8221;.vc_custom_1633063731433{margin-bottom: 30px !important;}&#8221;][\/vc_column_inner][vc_column_inner offset=&#8221;vc_col-lg-1\/5 vc_col-md-1\/5&#8243;][vc_single_image image=&#8221;162&#8243; img_size=&#8221;full&#8221; alignment=&#8221;center&#8221; css=&#8221;.vc_custom_1633063934566{margin-bottom: 30px !important;}&#8221;][\/vc_column_inner][vc_column_inner offset=&#8221;vc_col-lg-1\/5 vc_col-md-1\/5&#8243;][vc_single_image image=&#8221;157&#8243; img_size=&#8221;full&#8221; alignment=&#8221;center&#8221; css=&#8221;.vc_custom_1633063814361{margin-bottom: 30px !important;}&#8221;][\/vc_column_inner][\/vc_row_inner][\/vc_column][\/vc_row][vc_row css=&#8221;.vc_custom_1604144762426{padding-top: 110px !important;padding-bottom: 80px !important;}&#8221; row_css_sm=&#8221;.vc_custom_1604144762429{padding-top: 70px !important;padding-bottom: 40px !important;}&#8221;][vc_column]\r\n\t\t<div  class=\"sigma_custom_heading_wrapper sigma-custom-heading-37004936 sigma-shortcode-wrapper custom-heading-style-2 subtitle-text-uppercase title-text- text-center  vc_custom_1632826038004\">\r\r\n\t\t\t<div class=\"section-title sigma-custom-heading-wrapper\">\r\n\t\r\n\t\t\t<h4 class=\"heading-subtitle\">\r\n\t\t\t\tWAYS WE CAN HELP\t\t\t<\/h4>\r\n\t\t\t\t\t<h2 class=\"heading-title\">\r\n\t\t\t\tAngels Ready To Help\t\t\t<\/h2>\r\n\t\t<\/div>\r\n\r\n\t\t<\/div>\r\r\n\t\t[vc_row_inner][vc_column_inner width=&#8221;1\/2&#8243;]\t\t<div  class=\"sigma_cta_wrapper sigma-cta-288638515 sigma-shortcode-wrapper sigma_cta cta-style-1\">\r\n\t\t\t        <div class=\"sigma_cta secondary-bg align-left\">\r\n                      <img decoding=\"async\" class=\"d-none d-lg-block\" src=\"https:\/\/ceaf.egovspace.com\/wp-content\/uploads\/2021\/09\/cta-img-1-4.png\" alt=\"cta\">\r\n                      <div class=\"sigma_cta-content\">\r\n              <span>Need Help, Call Our HOTLINE!<\/span>\r\n                              <h4 class=\"text-white\">+1 212-683-9756<\/h4>\r\n                          <\/div>\r\n          <\/div>\r\n\t\t<\/div>\r\n\t\t[\/vc_column_inner][vc_column_inner width=&#8221;1\/2&#8243;]\t\t<div  class=\"sigma_cta_wrapper sigma-cta-1268979144 sigma-shortcode-wrapper sigma_cta cta-style-1\">\r\n\t\t\t        <div class=\"sigma_cta primary-bg align-right\">\r\n                      <img decoding=\"async\" class=\"d-none d-lg-block\" src=\"https:\/\/ceaf.egovspace.com\/wp-content\/uploads\/2021\/09\/cta-img-2-4.png\" alt=\"cta\">\r\n                      <div class=\"sigma_cta-content\">\r\n              <span>Our Church Newsletter<\/span>\r\n                                        <\/div>\r\n          <\/div>\r\n\t\t<\/div>\r\n\t\t[\/vc_column_inner][\/vc_row_inner][vc_raw_html]JTNDc3BhbiUyMGNsYXNzJTNEJTIyc2lnbWFfY3RhLXNwZXJhdG9yJTIwZC1ub25lJTIwZC1sZy1mbGV4JTIyJTIwc3R5bGUlM0QlMjJ0b3AlM0ElMjA2NyUyNSUzQiUyMiUzRW9yJTNDJTJGc3BhbiUzRQ==[\/vc_raw_html][\/vc_column][\/vc_row]<\/p>\n<\/div>","protected":false},"excerpt":{"rendered":"<p>[vc_row css=&#8221;.vc_custom_1632825320815{padding-top: 110px !important;padding-bottom: 80px !important;}&#8221; row_css_sm=&#8221;.vc_custom_1632825320816{padding-top: 70px !important;padding-bottom: 40px !important;}&#8221;][vc_column][\/vc_column][\/vc_row][vc_row full_width=&#8221;stretch_row&#8221; css=&#8221;.vc_custom_1635920253492{padding-top: 110px !important;padding-bottom: 80px !important;background: #022147 url(http:\/\/metropolitanhost.com\/themes\/themeforest\/wp\/sacreva\/wp-content\/uploads\/2021\/09\/map-2.png?id=156) !important;background-position: 0 0 !important;background-repeat: repeat !important;}&#8221;][vc_column][vc_row_inner content_placement=&#8221;middle&#8221;][vc_column_inner offset=&#8221;vc_col-lg-1\/5 vc_col-md-1\/5&#8243;][vc_single_image image=&#8221;158&#8243; img_size=&#8221;full&#8221; alignment=&#8221;center&#8221; el_class=&#8221;text-center&#8221; css=&#8221;.vc_custom_1633063653773{margin-bottom: 30px !important;}&#8221;][\/vc_column_inner][vc_column_inner offset=&#8221;vc_col-lg-1\/5 vc_col-md-1\/5&#8243;][vc_single_image image=&#8221;160&#8243; img_size=&#8221;full&#8221; alignment=&#8221;center&#8221; css=&#8221;.vc_custom_1633063697500{margin-bottom: 30px !important;}&#8221;][\/vc_column_inner][vc_column_inner offset=&#8221;vc_col-lg-1\/5 vc_col-md-1\/5&#8243;][vc_single_image image=&#8221;161&#8243; img_size=&#8221;full&#8221; alignment=&#8221;center&#8221; css=&#8221;.vc_custom_1633063731433{margin-bottom: 30px !important;}&#8221;][\/vc_column_inner][vc_column_inner offset=&#8221;vc_col-lg-1\/5 vc_col-md-1\/5&#8243;][vc_single_image image=&#8221;162&#8243; img_size=&#8221;full&#8221; [&hellip;]<\/p>\n","protected":false},"author":1,"featured_media":0,"parent":0,"menu_order":0,"comment_status":"closed","ping_status":"closed","template":"","meta":{"give_campaign_id":0,"_monsterinsights_skip_tracking":false,"_monsterinsights_sitenote_active":false,"_monsterinsights_sitenote_note":"","_monsterinsights_sitenote_category":0,"footnotes":""},"class_list":["post-169","page","type-page","status-publish","hentry"],"aioseo_notices":[],"campaignId":"","_links":{"self":[{"href":"https:\/\/ceaf.egovspace.com\/index.php\/wp-json\/wp\/v2\/pages\/169","targetHints":{"allow":["GET"]}}],"collection":[{"href":"https:\/\/ceaf.egovspace.com\/index.php\/wp-json\/wp\/v2\/pages"}],"about":[{"href":"https:\/\/ceaf.egovspace.com\/index.php\/wp-json\/wp\/v2\/types\/page"}],"author":[{"embeddable":true,"href":"https:\/\/ceaf.egovspace.com\/index.php\/wp-json\/wp\/v2\/users\/1"}],"replies":[{"embeddable":true,"href":"https:\/\/ceaf.egovspace.com\/index.php\/wp-json\/wp\/v2\/comments?post=169"}],"version-history":[{"count":0,"href":"https:\/\/ceaf.egovspace.com\/index.php\/wp-json\/wp\/v2\/pages\/169\/revisions"}],"wp:attachment":[{"href":"https:\/\/ceaf.egovspace.com\/index.php\/wp-json\/wp\/v2\/media?parent=169"}],"curies":[{"name":"wp","href":"https:\/\/api.w.org\/{rel}","templated":true}]}}